{"id":362,"date":"2023-11-20T15:59:57","date_gmt":"2023-11-20T14:59:57","guid":{"rendered":"https:\/\/www.asesoriamuson.com\/servicio\/certificado-nie\/"},"modified":"2025-07-01T16:09:06","modified_gmt":"2025-07-01T14:09:06","slug":"nie-certificate","status":"publish","type":"product","link":"https:\/\/www.asesoriamuson.com\/en\/service\/nie-certificate\/","title":{"rendered":"NIE Certificate"},"content":{"rendered":"[vc_row type=&#8221;in_container&#8221; full_screen_row_position=&#8221;middle&#8221; column_margin=&#8221;default&#8221; column_direction=&#8221;default&#8221; column_direction_tablet=&#8221;default&#8221; column_direction_phone=&#8221;default&#8221; bg_color=&#8221;#999ddb&#8221; scene_position=&#8221;center&#8221; top_margin=&#8221;150&#8243; text_color=&#8221;dark&#8221; text_align=&#8221;left&#8221; row_border_radius=&#8221;20px&#8221; row_border_radius_applies=&#8221;bg&#8221; overflow=&#8221;visible&#8221; id=&#8221;bservonline&#8221; overlay_strength=&#8221;0.3&#8243; gradient_direction=&#8221;left_to_right&#8221; shape_divider_position=&#8221;bottom&#8221; bg_image_animation=&#8221;none&#8221; gradient_type=&#8221;default&#8221; shape_type=&#8221;&#8221;][vc_column column_padding=&#8221;no-extra-padding&#8221; column_padding_tablet=&#8221;inherit&#8221; column_padding_phone=&#8221;inherit&#8221; column_padding_position=&#8221;all&#8221; column_element_direction_desktop=&#8221;default&#8221; column_element_spacing=&#8221;default&#8221; desktop_text_alignment=&#8221;default&#8221; tablet_text_alignment=&#8221;default&#8221; phone_text_alignment=&#8221;default&#8221; background_color_opacity=&#8221;1&#8243; background_hover_color_opacity=&#8221;1&#8243; column_backdrop_filter=&#8221;none&#8221; column_shadow=&#8221;none&#8221; column_border_radius=&#8221;none&#8221; column_link_target=&#8221;_self&#8221; column_position=&#8221;default&#8221; gradient_direction=&#8221;left_to_right&#8221; overlay_strength=&#8221;0.3&#8243; width=&#8221;1\/1&#8243; tablet_width_inherit=&#8221;default&#8221; animation_type=&#8221;default&#8221; bg_image_animation=&#8221;none&#8221; border_type=&#8221;simple&#8221; column_border_width=&#8221;none&#8221; column_border_style=&#8221;solid&#8221;][vc_custom_heading text=&#8221;Other online services&#8221; font_container=&#8221;tag:h2|text_align:center&#8221; use_theme_fonts=&#8221;yes&#8221;][vc_row_inner equal_height=&#8221;yes&#8221; column_margin=&#8221;default&#8221; column_direction=&#8221;default&#8221; column_direction_tablet=&#8221;default&#8221; column_direction_phone=&#8221;default&#8221; text_align=&#8221;left&#8221; row_position=&#8221;default&#8221; row_position_tablet=&#8221;inherit&#8221; row_position_phone=&#8221;inherit&#8221; overflow=&#8221;visible&#8221; pointer_events=&#8221;all&#8221;][vc_column_inner column_padding=&#8221;no-extra-padding&#8221; column_padding_tablet=&#8221;inherit&#8221; column_padding_phone=&#8221;inherit&#8221; column_padding_position=&#8221;all&#8221; column_element_direction_desktop=&#8221;default&#8221; column_element_spacing=&#8221;default&#8221; desktop_text_alignment=&#8221;default&#8221; tablet_text_alignment=&#8221;default&#8221; phone_text_alignment=&#8221;default&#8221; background_color_opacity=&#8221;1&#8243; background_hover_color_opacity=&#8221;1&#8243; column_backdrop_filter=&#8221;none&#8221; column_shadow=&#8221;none&#8221; column_border_radius=&#8221;none&#8221; column_link_target=&#8221;_self&#8221; overflow=&#8221;visible&#8221; gradient_direction=&#8221;left_to_right&#8221; overlay_strength=&#8221;0.3&#8243; width=&#8221;1\/6&#8243; tablet_width_inherit=&#8221;default&#8221; animation_type=&#8221;default&#8221; bg_image_animation=&#8221;none&#8221; border_type=&#8221;simple&#8221; column_border_width=&#8221;none&#8221; column_border_style=&#8221;solid&#8221;][\/vc_column_inner][vc_column_inner column_padding=&#8221;no-extra-padding&#8221; column_padding_tablet=&#8221;inherit&#8221; column_padding_phone=&#8221;inherit&#8221; column_padding_position=&#8221;all&#8221; column_element_direction_desktop=&#8221;default&#8221; column_element_spacing=&#8221;default&#8221; desktop_text_alignment=&#8221;default&#8221; tablet_text_alignment=&#8221;default&#8221; phone_text_alignment=&#8221;default&#8221; background_color_opacity=&#8221;1&#8243; background_hover_color_opacity=&#8221;1&#8243; column_backdrop_filter=&#8221;none&#8221; column_shadow=&#8221;none&#8221; column_border_radius=&#8221;none&#8221; column_link_target=&#8221;_self&#8221; overflow=&#8221;visible&#8221; gradient_direction=&#8221;left_to_right&#8221; overlay_strength=&#8221;0.3&#8243; width=&#8221;1\/3&#8243; tablet_width_inherit=&#8221;default&#8221; animation_type=&#8221;default&#8221; bg_image_animation=&#8221;none&#8221; border_type=&#8221;simple&#8221; column_border_width=&#8221;none&#8221; column_border_style=&#8221;solid&#8221;][vc_column_text el_class=&#8221;destacado&#8221;]Start Your Business in Ibiza[\/vc_column_text][vc_column_text]Initial Consultation to launch your business. Take the first step in setting up your business on the island of Ibiza.<\/p>\n<p style=\"text-align: center;\">60\u20ac<\/p>\n[\/vc_column_text][vc_column_text el_class=&#8221;link&#8221;]<a href=\"https:\/\/www.asesoriamuson.com\/en\/service\/start-your-business-in-ibiza\/\">Request Service<\/a>[\/vc_column_text][\/vc_column_inner][vc_column_inner column_padding=&#8221;no-extra-padding&#8221; column_padding_tablet=&#8221;inherit&#8221; column_padding_phone=&#8221;inherit&#8221; column_padding_position=&#8221;all&#8221; column_element_direction_desktop=&#8221;default&#8221; column_element_spacing=&#8221;default&#8221; desktop_text_alignment=&#8221;default&#8221; tablet_text_alignment=&#8221;default&#8221; phone_text_alignment=&#8221;default&#8221; background_color_opacity=&#8221;1&#8243; background_hover_color_opacity=&#8221;1&#8243; column_backdrop_filter=&#8221;none&#8221; column_shadow=&#8221;none&#8221; column_border_radius=&#8221;none&#8221; column_link_target=&#8221;_self&#8221; overflow=&#8221;visible&#8221; gradient_direction=&#8221;left_to_right&#8221; overlay_strength=&#8221;0.3&#8243; width=&#8221;1\/3&#8243; tablet_width_inherit=&#8221;default&#8221; animation_type=&#8221;default&#8221; bg_image_animation=&#8221;none&#8221; border_type=&#8221;simple&#8221; column_border_width=&#8221;none&#8221; column_border_style=&#8221;solid&#8221;][vc_column_text el_class=&#8221;destacado&#8221;]Maternity and Childcare Benefit Management[\/vc_column_text][vc_column_text]We take care of the administrative procedures to ensure you receive your maternity and childcare benefits promptly.<\/p>\n<p style=\"text-align: center;\">65\u20ac<\/p>\n[\/vc_column_text][vc_column_text el_class=&#8221;link&#8221;]<a href=\"https:\/\/www.asesoriamuson.com\/en\/service\/maternity-and-childcare-benefit-management\/\">Request Service<\/a><\/p>\n[\/vc_column_text][\/vc_column_inner][vc_column_inner column_padding=&#8221;no-extra-padding&#8221; column_padding_tablet=&#8221;inherit&#8221; column_padding_phone=&#8221;inherit&#8221; column_padding_position=&#8221;all&#8221; column_element_direction_desktop=&#8221;default&#8221; column_element_spacing=&#8221;default&#8221; desktop_text_alignment=&#8221;default&#8221; tablet_text_alignment=&#8221;default&#8221; phone_text_alignment=&#8221;default&#8221; background_color_opacity=&#8221;1&#8243; background_hover_color_opacity=&#8221;1&#8243; column_backdrop_filter=&#8221;none&#8221; column_shadow=&#8221;none&#8221; column_border_radius=&#8221;none&#8221; column_link_target=&#8221;_self&#8221; overflow=&#8221;visible&#8221; gradient_direction=&#8221;left_to_right&#8221; overlay_strength=&#8221;0.3&#8243; width=&#8221;1\/6&#8243; tablet_width_inherit=&#8221;default&#8221; animation_type=&#8221;default&#8221; bg_image_animation=&#8221;none&#8221; border_type=&#8221;simple&#8221; column_border_width=&#8221;none&#8221; column_border_style=&#8221;solid&#8221;][\/vc_column_inner][\/vc_row_inner][\/vc_column][\/vc_row]\n","protected":false},"excerpt":{"rendered":"<p>We handle the process to obtain your residence certificate in Spain, the first step to living or starting a business in the country. If you are not a European Union citizen, we reserve the right to apply additional charges due to the increased complexity of the application.<\/p>\n","protected":false},"featured_media":363,"template":"","meta":[],"product_cat":[18],"product_tag":[],"class_list":{"0":"post-362","1":"product","2":"type-product","3":"status-publish","4":"has-post-thumbnail","6":"product_cat-sin-categorizar","8":"first","9":"instock","10":"virtual","11":"purchasable","12":"product-type-simple"},"yoast_head":"<!-- This site is optimized with the Yoast SEO plugin v21.7 - https:\/\/yoast.com\/wordpress\/plugins\/seo\/ -->\n<title>NIE Certificate - Asesor\u00eda Mus\u00f3n<\/title>\n<meta name=\"robots\" content=\"index, follow, max-snippet:-1, max-image-preview:large, max-video-preview:-1\" \/>\n<link rel=\"canonical\" href=\"https:\/\/www.asesoriamuson.com\/en\/service\/nie-certificate\/\" \/>\n<meta property=\"og:locale\" content=\"en_US\" \/>\n<meta property=\"og:type\" content=\"article\" \/>\n<meta property=\"og:title\" content=\"NIE Certificate - Asesor\u00eda Mus\u00f3n\" \/>\n<meta property=\"og:description\" content=\"We handle the process to obtain your residence certificate in Spain, the first step to living or starting a business in the country. If you are not a European Union citizen, we reserve the right to apply additional charges due to the increased complexity of the application.\" \/>\n<meta property=\"og:url\" content=\"https:\/\/www.asesoriamuson.com\/en\/service\/nie-certificate\/\" \/>\n<meta property=\"og:site_name\" content=\"Asesor\u00eda Mus\u00f3n\" \/>\n<meta property=\"article:modified_time\" content=\"2025-07-01T14:09:06+00:00\" \/>\n<meta property=\"og:image\" content=\"https:\/\/www.asesoriamuson.com\/wp-content\/uploads\/2023\/11\/favicon.webp\" \/>\n\t<meta property=\"og:image:width\" content=\"512\" \/>\n\t<meta property=\"og:image:height\" content=\"512\" \/>\n\t<meta property=\"og:image:type\" content=\"image\/webp\" \/>\n<meta name=\"twitter:card\" content=\"summary_large_image\" \/>\n<meta name=\"twitter:label1\" content=\"Est. reading time\" \/>\n\t<meta name=\"twitter:data1\" content=\"4 minutes\" \/>\n<script type=\"application\/ld+json\" class=\"yoast-schema-graph\">{\"@context\":\"https:\/\/schema.org\",\"@graph\":[{\"@type\":\"WebPage\",\"@id\":\"https:\/\/www.asesoriamuson.com\/en\/service\/nie-certificate\/\",\"url\":\"https:\/\/www.asesoriamuson.com\/en\/service\/nie-certificate\/\",\"name\":\"NIE Certificate - Asesor\u00eda Mus\u00f3n\",\"isPartOf\":{\"@id\":\"https:\/\/www.asesoriamuson.com\/#website\"},\"datePublished\":\"2023-11-20T14:59:57+00:00\",\"dateModified\":\"2025-07-01T14:09:06+00:00\",\"breadcrumb\":{\"@id\":\"https:\/\/www.asesoriamuson.com\/en\/service\/nie-certificate\/#breadcrumb\"},\"inLanguage\":\"en-US\",\"potentialAction\":[{\"@type\":\"ReadAction\",\"target\":[\"https:\/\/www.asesoriamuson.com\/en\/service\/nie-certificate\/\"]}]},{\"@type\":\"BreadcrumbList\",\"@id\":\"https:\/\/www.asesoriamuson.com\/en\/service\/nie-certificate\/#breadcrumb\",\"itemListElement\":[{\"@type\":\"ListItem\",\"position\":1,\"name\":\"Portada\",\"item\":\"https:\/\/www.asesoriamuson.com\/en\/\"},{\"@type\":\"ListItem\",\"position\":2,\"name\":\"Tienda\",\"item\":\"https:\/\/www.asesoriamuson.com\/tienda\/\"},{\"@type\":\"ListItem\",\"position\":3,\"name\":\"NIE Certificate\"}]},{\"@type\":\"WebSite\",\"@id\":\"https:\/\/www.asesoriamuson.com\/#website\",\"url\":\"https:\/\/www.asesoriamuson.com\/\",\"name\":\"Asesor\u00eda Mus\u00f3n\",\"description\":\"Consultor\u00eda de empresas y particulares en Ibiza\",\"publisher\":{\"@id\":\"https:\/\/www.asesoriamuson.com\/#organization\"},\"potentialAction\":[{\"@type\":\"SearchAction\",\"target\":{\"@type\":\"EntryPoint\",\"urlTemplate\":\"https:\/\/www.asesoriamuson.com\/?s={search_term_string}\"},\"query-input\":\"required name=search_term_string\"}],\"inLanguage\":\"en-US\"},{\"@type\":\"Organization\",\"@id\":\"https:\/\/www.asesoriamuson.com\/#organization\",\"name\":\"Asesor\u00eda Mus\u00f3n\",\"url\":\"https:\/\/www.asesoriamuson.com\/\",\"logo\":{\"@type\":\"ImageObject\",\"inLanguage\":\"en-US\",\"@id\":\"https:\/\/www.asesoriamuson.com\/#\/schema\/logo\/image\/\",\"url\":\"https:\/\/www.asesoriamuson.com\/wp-content\/uploads\/2023\/11\/Logo-Muson-1.svg\",\"contentUrl\":\"https:\/\/www.asesoriamuson.com\/wp-content\/uploads\/2023\/11\/Logo-Muson-1.svg\",\"width\":1,\"height\":1,\"caption\":\"Asesor\u00eda Mus\u00f3n\"},\"image\":{\"@id\":\"https:\/\/www.asesoriamuson.com\/#\/schema\/logo\/image\/\"},\"sameAs\":[\"https:\/\/www.linkedin.com\/company\/musonasesoria\/\"]}]}<\/script>\n<!-- \/ Yoast SEO plugin. -->","yoast_head_json":{"title":"NIE Certificate - Asesor\u00eda Mus\u00f3n","robots":{"index":"index","follow":"follow","max-snippet":"max-snippet:-1","max-image-preview":"max-image-preview:large","max-video-preview":"max-video-preview:-1"},"canonical":"https:\/\/www.asesoriamuson.com\/en\/service\/nie-certificate\/","og_locale":"en_US","og_type":"article","og_title":"NIE Certificate - Asesor\u00eda Mus\u00f3n","og_description":"We handle the process to obtain your residence certificate in Spain, the first step to living or starting a business in the country. If you are not a European Union citizen, we reserve the right to apply additional charges due to the increased complexity of the application.","og_url":"https:\/\/www.asesoriamuson.com\/en\/service\/nie-certificate\/","og_site_name":"Asesor\u00eda Mus\u00f3n","article_modified_time":"2025-07-01T14:09:06+00:00","og_image":[{"width":512,"height":512,"url":"https:\/\/www.asesoriamuson.com\/wp-content\/uploads\/2023\/11\/favicon.webp","type":"image\/webp"}],"twitter_card":"summary_large_image","twitter_misc":{"Est. reading time":"4 minutes"},"schema":{"@context":"https:\/\/schema.org","@graph":[{"@type":"WebPage","@id":"https:\/\/www.asesoriamuson.com\/en\/service\/nie-certificate\/","url":"https:\/\/www.asesoriamuson.com\/en\/service\/nie-certificate\/","name":"NIE Certificate - Asesor\u00eda Mus\u00f3n","isPartOf":{"@id":"https:\/\/www.asesoriamuson.com\/#website"},"datePublished":"2023-11-20T14:59:57+00:00","dateModified":"2025-07-01T14:09:06+00:00","breadcrumb":{"@id":"https:\/\/www.asesoriamuson.com\/en\/service\/nie-certificate\/#breadcrumb"},"inLanguage":"en-US","potentialAction":[{"@type":"ReadAction","target":["https:\/\/www.asesoriamuson.com\/en\/service\/nie-certificate\/"]}]},{"@type":"BreadcrumbList","@id":"https:\/\/www.asesoriamuson.com\/en\/service\/nie-certificate\/#breadcrumb","itemListElement":[{"@type":"ListItem","position":1,"name":"Portada","item":"https:\/\/www.asesoriamuson.com\/en\/"},{"@type":"ListItem","position":2,"name":"Tienda","item":"https:\/\/www.asesoriamuson.com\/tienda\/"},{"@type":"ListItem","position":3,"name":"NIE Certificate"}]},{"@type":"WebSite","@id":"https:\/\/www.asesoriamuson.com\/#website","url":"https:\/\/www.asesoriamuson.com\/","name":"Asesor\u00eda Mus\u00f3n","description":"Consultor\u00eda de empresas y particulares en Ibiza","publisher":{"@id":"https:\/\/www.asesoriamuson.com\/#organization"},"potentialAction":[{"@type":"SearchAction","target":{"@type":"EntryPoint","urlTemplate":"https:\/\/www.asesoriamuson.com\/?s={search_term_string}"},"query-input":"required name=search_term_string"}],"inLanguage":"en-US"},{"@type":"Organization","@id":"https:\/\/www.asesoriamuson.com\/#organization","name":"Asesor\u00eda Mus\u00f3n","url":"https:\/\/www.asesoriamuson.com\/","logo":{"@type":"ImageObject","inLanguage":"en-US","@id":"https:\/\/www.asesoriamuson.com\/#\/schema\/logo\/image\/","url":"https:\/\/www.asesoriamuson.com\/wp-content\/uploads\/2023\/11\/Logo-Muson-1.svg","contentUrl":"https:\/\/www.asesoriamuson.com\/wp-content\/uploads\/2023\/11\/Logo-Muson-1.svg","width":1,"height":1,"caption":"Asesor\u00eda Mus\u00f3n"},"image":{"@id":"https:\/\/www.asesoriamuson.com\/#\/schema\/logo\/image\/"},"sameAs":["https:\/\/www.linkedin.com\/company\/musonasesoria\/"]}]}},"_links":{"self":[{"href":"https:\/\/www.asesoriamuson.com\/en\/wp-json\/wp\/v2\/product\/362","targetHints":{"allow":["GET"]}}],"collection":[{"href":"https:\/\/www.asesoriamuson.com\/en\/wp-json\/wp\/v2\/product"}],"about":[{"href":"https:\/\/www.asesoriamuson.com\/en\/wp-json\/wp\/v2\/types\/product"}],"wp:featuredmedia":[{"embeddable":true,"href":"https:\/\/www.asesoriamuson.com\/en\/wp-json\/wp\/v2\/media\/363"}],"wp:attachment":[{"href":"https:\/\/www.asesoriamuson.com\/en\/wp-json\/wp\/v2\/media?parent=362"}],"wp:term":[{"taxonomy":"product_cat","embeddable":true,"href":"https:\/\/www.asesoriamuson.com\/en\/wp-json\/wp\/v2\/product_cat?post=362"},{"taxonomy":"product_tag","embeddable":true,"href":"https:\/\/www.asesoriamuson.com\/en\/wp-json\/wp\/v2\/product_tag?post=362"}],"curies":[{"name":"wp","href":"https:\/\/api.w.org\/{rel}","templated":true}]}}